{"id":466,"date":"2022-07-11T18:24:49","date_gmt":"2022-07-11T16:24:49","guid":{"rendered":"https:\/\/villachateaufavier.fr\/new_website\/les-partenaires\/"},"modified":"2022-09-28T19:18:18","modified_gmt":"2022-09-28T17:18:18","slug":"les-partenaires","status":"publish","type":"page","link":"https:\/\/villachateaufavier.fr\/es\/les-partenaires\/","title":{"rendered":"Nuestros socios"},"content":{"rendered":"<p>Al unirse a la Villa Ch\u00e2teaufavier, contar\u00e1 con el apoyo de una s\u00f3lida red de socios, actores p\u00fablicos y privados que estar\u00e1n a su disposici\u00f3n para facilitar el desarrollo de su proyecto desde un punto de vista econ\u00f3mico.<\/p>\n","protected":false},"excerpt":{"rendered":"<p>Al unirse a la Villa Ch\u00e2teaufavier, contar\u00e1 con el apoyo de una s\u00f3lida red de socios, actores p\u00fablicos y privados que estar\u00e1n a su disposici\u00f3n para facilitar el desarrollo de su proyecto desde un punto de vista econ\u00f3mico.<\/p>\n","protected":false},"author":1,"featured_media":1267,"parent":0,"menu_order":5,"comment_status":"closed","ping_status":"closed","template":"page_PARTENAIRES.php","meta":{"_acf_changed":false,"footnotes":""},"class_list":["post-466","page","type-page","status-publish","has-post-thumbnail","hentry"],"acf":[],"yoast_head":"<!-- This site is optimized with the Yoast SEO plugin v26.6 - https:\/\/yoast.com\/wordpress\/plugins\/seo\/ -->\n<title>Nuestros socios - Villa Chateaufavier<\/title>\n<meta name=\"robots\" content=\"index, follow, max-snippet:-1, max-image-preview:large, max-video-preview:-1\" \/>\n<link rel=\"canonical\" href=\"https:\/\/villachateaufavier.fr\/es\/les-partenaires\/\" \/>\n<meta property=\"og:locale\" content=\"es_ES\" \/>\n<meta property=\"og:type\" content=\"article\" \/>\n<meta property=\"og:title\" content=\"Nuestros socios - Villa Chateaufavier\" \/>\n<meta property=\"og:description\" content=\"Al unirse a la Villa Ch\u00e2teaufavier, contar\u00e1 con el apoyo de una s\u00f3lida red de socios, actores p\u00fablicos y privados que estar\u00e1n a su disposici\u00f3n para facilitar el desarrollo de su proyecto desde un punto de vista econ\u00f3mico.\" \/>\n<meta property=\"og:url\" content=\"https:\/\/villachateaufavier.fr\/es\/les-partenaires\/\" \/>\n<meta property=\"og:site_name\" content=\"Villa Chateaufavier\" \/>\n<meta property=\"article:modified_time\" content=\"2022-09-28T17:18:18+00:00\" \/>\n<meta property=\"og:image\" content=\"https:\/\/villachateaufavier.fr\/new_website\/wp-content\/uploads\/2022\/09\/20220928-vcf-cartographie.png\" \/>\n\t<meta property=\"og:image:width\" content=\"1501\" \/>\n\t<meta property=\"og:image:height\" content=\"1500\" \/>\n\t<meta property=\"og:image:type\" content=\"image\/png\" \/>\n<meta name=\"twitter:card\" content=\"summary_large_image\" \/>\n<meta name=\"twitter:label1\" content=\"Tiempo de lectura\" \/>\n\t<meta name=\"twitter:data1\" content=\"1 minuto\" \/>\n<script type=\"application\/ld+json\" class=\"yoast-schema-graph\">{\"@context\":\"https:\/\/schema.org\",\"@graph\":[{\"@type\":\"WebPage\",\"@id\":\"https:\/\/villachateaufavier.fr\/es\/les-partenaires\/\",\"url\":\"https:\/\/villachateaufavier.fr\/es\/les-partenaires\/\",\"name\":\"Nuestros socios - Villa Chateaufavier\",\"isPartOf\":{\"@id\":\"https:\/\/villachateaufavier.fr\/es\/#website\"},\"primaryImageOfPage\":{\"@id\":\"https:\/\/villachateaufavier.fr\/es\/les-partenaires\/#primaryimage\"},\"image\":{\"@id\":\"https:\/\/villachateaufavier.fr\/es\/les-partenaires\/#primaryimage\"},\"thumbnailUrl\":\"https:\/\/villachateaufavier.fr\/new_website\/wp-content\/uploads\/2022\/09\/20220928-vcf-cartographie.png\",\"datePublished\":\"2022-07-11T16:24:49+00:00\",\"dateModified\":\"2022-09-28T17:18:18+00:00\",\"inLanguage\":\"es\",\"potentialAction\":[{\"@type\":\"ReadAction\",\"target\":[\"https:\/\/villachateaufavier.fr\/es\/les-partenaires\/\"]}]},{\"@type\":\"ImageObject\",\"inLanguage\":\"es\",\"@id\":\"https:\/\/villachateaufavier.fr\/es\/les-partenaires\/#primaryimage\",\"url\":\"https:\/\/villachateaufavier.fr\/new_website\/wp-content\/uploads\/2022\/09\/20220928-vcf-cartographie.png\",\"contentUrl\":\"https:\/\/villachateaufavier.fr\/new_website\/wp-content\/uploads\/2022\/09\/20220928-vcf-cartographie.png\",\"width\":1501,\"height\":1500},{\"@type\":\"WebSite\",\"@id\":\"https:\/\/villachateaufavier.fr\/es\/#website\",\"url\":\"https:\/\/villachateaufavier.fr\/es\/\",\"name\":\"Villa Chateaufavier\",\"description\":\"Un site utilisant WordPress\",\"potentialAction\":[{\"@type\":\"SearchAction\",\"target\":{\"@type\":\"EntryPoint\",\"urlTemplate\":\"https:\/\/villachateaufavier.fr\/es\/?s={search_term_string}\"},\"query-input\":{\"@type\":\"PropertyValueSpecification\",\"valueRequired\":true,\"valueName\":\"search_term_string\"}}],\"inLanguage\":\"es\"}]}<\/script>\n<!-- \/ Yoast SEO plugin. -->","yoast_head_json":{"title":"Nuestros socios - Villa Chateaufavier","robots":{"index":"index","follow":"follow","max-snippet":"max-snippet:-1","max-image-preview":"max-image-preview:large","max-video-preview":"max-video-preview:-1"},"canonical":"https:\/\/villachateaufavier.fr\/es\/les-partenaires\/","og_locale":"es_ES","og_type":"article","og_title":"Nuestros socios - Villa Chateaufavier","og_description":"Al unirse a la Villa Ch\u00e2teaufavier, contar\u00e1 con el apoyo de una s\u00f3lida red de socios, actores p\u00fablicos y privados que estar\u00e1n a su disposici\u00f3n para facilitar el desarrollo de su proyecto desde un punto de vista econ\u00f3mico.","og_url":"https:\/\/villachateaufavier.fr\/es\/les-partenaires\/","og_site_name":"Villa Chateaufavier","article_modified_time":"2022-09-28T17:18:18+00:00","og_image":[{"width":1501,"height":1500,"url":"https:\/\/villachateaufavier.fr\/new_website\/wp-content\/uploads\/2022\/09\/20220928-vcf-cartographie.png","type":"image\/png"}],"twitter_card":"summary_large_image","twitter_misc":{"Tiempo de lectura":"1 minuto"},"schema":{"@context":"https:\/\/schema.org","@graph":[{"@type":"WebPage","@id":"https:\/\/villachateaufavier.fr\/es\/les-partenaires\/","url":"https:\/\/villachateaufavier.fr\/es\/les-partenaires\/","name":"Nuestros socios - Villa Chateaufavier","isPartOf":{"@id":"https:\/\/villachateaufavier.fr\/es\/#website"},"primaryImageOfPage":{"@id":"https:\/\/villachateaufavier.fr\/es\/les-partenaires\/#primaryimage"},"image":{"@id":"https:\/\/villachateaufavier.fr\/es\/les-partenaires\/#primaryimage"},"thumbnailUrl":"https:\/\/villachateaufavier.fr\/new_website\/wp-content\/uploads\/2022\/09\/20220928-vcf-cartographie.png","datePublished":"2022-07-11T16:24:49+00:00","dateModified":"2022-09-28T17:18:18+00:00","inLanguage":"es","potentialAction":[{"@type":"ReadAction","target":["https:\/\/villachateaufavier.fr\/es\/les-partenaires\/"]}]},{"@type":"ImageObject","inLanguage":"es","@id":"https:\/\/villachateaufavier.fr\/es\/les-partenaires\/#primaryimage","url":"https:\/\/villachateaufavier.fr\/new_website\/wp-content\/uploads\/2022\/09\/20220928-vcf-cartographie.png","contentUrl":"https:\/\/villachateaufavier.fr\/new_website\/wp-content\/uploads\/2022\/09\/20220928-vcf-cartographie.png","width":1501,"height":1500},{"@type":"WebSite","@id":"https:\/\/villachateaufavier.fr\/es\/#website","url":"https:\/\/villachateaufavier.fr\/es\/","name":"Villa Chateaufavier","description":"Un site utilisant WordPress","potentialAction":[{"@type":"SearchAction","target":{"@type":"EntryPoint","urlTemplate":"https:\/\/villachateaufavier.fr\/es\/?s={search_term_string}"},"query-input":{"@type":"PropertyValueSpecification","valueRequired":true,"valueName":"search_term_string"}}],"inLanguage":"es"}]}},"_links":{"self":[{"href":"https:\/\/villachateaufavier.fr\/es\/wp-json\/wp\/v2\/pages\/466","targetHints":{"allow":["GET"]}}],"collection":[{"href":"https:\/\/villachateaufavier.fr\/es\/wp-json\/wp\/v2\/pages"}],"about":[{"href":"https:\/\/villachateaufavier.fr\/es\/wp-json\/wp\/v2\/types\/page"}],"author":[{"embeddable":true,"href":"https:\/\/villachateaufavier.fr\/es\/wp-json\/wp\/v2\/users\/1"}],"replies":[{"embeddable":true,"href":"https:\/\/villachateaufavier.fr\/es\/wp-json\/wp\/v2\/comments?post=466"}],"version-history":[{"count":7,"href":"https:\/\/villachateaufavier.fr\/es\/wp-json\/wp\/v2\/pages\/466\/revisions"}],"predecessor-version":[{"id":1260,"href":"https:\/\/villachateaufavier.fr\/es\/wp-json\/wp\/v2\/pages\/466\/revisions\/1260"}],"wp:featuredmedia":[{"embeddable":true,"href":"https:\/\/villachateaufavier.fr\/es\/wp-json\/wp\/v2\/media\/1267"}],"wp:attachment":[{"href":"https:\/\/villachateaufavier.fr\/es\/wp-json\/wp\/v2\/media?parent=466"}],"curies":[{"name":"wp","href":"https:\/\/api.w.org\/{rel}","templated":true}]}}