{"id":451,"date":"2022-07-11T18:26:23","date_gmt":"2022-07-11T16:26:23","guid":{"rendered":"https:\/\/villachateaufavier.fr\/new_website\/laccompagnement\/"},"modified":"2022-09-09T11:36:47","modified_gmt":"2022-09-09T09:36:47","slug":"laccompagnement","status":"publish","type":"page","link":"https:\/\/villachateaufavier.fr\/es\/laccompagnement\/","title":{"rendered":"Apoyo personalazido"},"content":{"rendered":"<p><span lang=\"ES\">Un equipo de profesionales que se especializan en la creaci\u00f3n de empresas relacionadas con el arte textil y la tejedur\u00eda estar\u00e1 a su disposici\u00f3n para brindarle apoyo personalizado a lo largo de su proyecto. <\/span><\/p>\n","protected":false},"excerpt":{"rendered":"<p>Un equipo de profesionales que se especializan en la creaci\u00f3n de empresas relacionadas con el arte textil y la tejedur\u00eda estar\u00e1 a su disposici\u00f3n para brindarle apoyo personalizado a lo largo de su proyecto.<\/p>\n","protected":false},"author":1,"featured_media":0,"parent":0,"menu_order":4,"comment_status":"closed","ping_status":"closed","template":"page_ACCOMPAGNEMENT.php","meta":{"_acf_changed":false,"footnotes":""},"class_list":["post-451","page","type-page","status-publish","hentry"],"acf":[],"yoast_head":"<!-- This site is optimized with the Yoast SEO plugin v26.6 - https:\/\/yoast.com\/wordpress\/plugins\/seo\/ -->\n<title>Apoyo personalazido - Villa Chateaufavier<\/title>\n<meta name=\"robots\" content=\"index, follow, max-snippet:-1, max-image-preview:large, max-video-preview:-1\" \/>\n<link rel=\"canonical\" href=\"https:\/\/villachateaufavier.fr\/es\/laccompagnement\/\" \/>\n<meta property=\"og:locale\" content=\"es_ES\" \/>\n<meta property=\"og:type\" content=\"article\" \/>\n<meta property=\"og:title\" content=\"Apoyo personalazido - Villa Chateaufavier\" \/>\n<meta property=\"og:description\" content=\"Un equipo de profesionales que se especializan en la creaci\u00f3n de empresas relacionadas con el arte textil y la tejedur\u00eda estar\u00e1 a su disposici\u00f3n para brindarle apoyo personalizado a lo largo de su proyecto.\" \/>\n<meta property=\"og:url\" content=\"https:\/\/villachateaufavier.fr\/es\/laccompagnement\/\" \/>\n<meta property=\"og:site_name\" content=\"Villa Chateaufavier\" \/>\n<meta property=\"article:modified_time\" content=\"2022-09-09T09:36:47+00:00\" \/>\n<meta name=\"twitter:card\" content=\"summary_large_image\" \/>\n<meta name=\"twitter:label1\" content=\"Tiempo de lectura\" \/>\n\t<meta name=\"twitter:data1\" content=\"1 minuto\" \/>\n<script type=\"application\/ld+json\" class=\"yoast-schema-graph\">{\"@context\":\"https:\/\/schema.org\",\"@graph\":[{\"@type\":\"WebPage\",\"@id\":\"https:\/\/villachateaufavier.fr\/es\/laccompagnement\/\",\"url\":\"https:\/\/villachateaufavier.fr\/es\/laccompagnement\/\",\"name\":\"Apoyo personalazido - Villa Chateaufavier\",\"isPartOf\":{\"@id\":\"https:\/\/villachateaufavier.fr\/es\/#website\"},\"datePublished\":\"2022-07-11T16:26:23+00:00\",\"dateModified\":\"2022-09-09T09:36:47+00:00\",\"inLanguage\":\"es\",\"potentialAction\":[{\"@type\":\"ReadAction\",\"target\":[\"https:\/\/villachateaufavier.fr\/es\/laccompagnement\/\"]}]},{\"@type\":\"WebSite\",\"@id\":\"https:\/\/villachateaufavier.fr\/es\/#website\",\"url\":\"https:\/\/villachateaufavier.fr\/es\/\",\"name\":\"Villa Chateaufavier\",\"description\":\"Un site utilisant WordPress\",\"potentialAction\":[{\"@type\":\"SearchAction\",\"target\":{\"@type\":\"EntryPoint\",\"urlTemplate\":\"https:\/\/villachateaufavier.fr\/es\/?s={search_term_string}\"},\"query-input\":{\"@type\":\"PropertyValueSpecification\",\"valueRequired\":true,\"valueName\":\"search_term_string\"}}],\"inLanguage\":\"es\"}]}<\/script>\n<!-- \/ Yoast SEO plugin. -->","yoast_head_json":{"title":"Apoyo personalazido - Villa Chateaufavier","robots":{"index":"index","follow":"follow","max-snippet":"max-snippet:-1","max-image-preview":"max-image-preview:large","max-video-preview":"max-video-preview:-1"},"canonical":"https:\/\/villachateaufavier.fr\/es\/laccompagnement\/","og_locale":"es_ES","og_type":"article","og_title":"Apoyo personalazido - Villa Chateaufavier","og_description":"Un equipo de profesionales que se especializan en la creaci\u00f3n de empresas relacionadas con el arte textil y la tejedur\u00eda estar\u00e1 a su disposici\u00f3n para brindarle apoyo personalizado a lo largo de su proyecto.","og_url":"https:\/\/villachateaufavier.fr\/es\/laccompagnement\/","og_site_name":"Villa Chateaufavier","article_modified_time":"2022-09-09T09:36:47+00:00","twitter_card":"summary_large_image","twitter_misc":{"Tiempo de lectura":"1 minuto"},"schema":{"@context":"https:\/\/schema.org","@graph":[{"@type":"WebPage","@id":"https:\/\/villachateaufavier.fr\/es\/laccompagnement\/","url":"https:\/\/villachateaufavier.fr\/es\/laccompagnement\/","name":"Apoyo personalazido - Villa Chateaufavier","isPartOf":{"@id":"https:\/\/villachateaufavier.fr\/es\/#website"},"datePublished":"2022-07-11T16:26:23+00:00","dateModified":"2022-09-09T09:36:47+00:00","inLanguage":"es","potentialAction":[{"@type":"ReadAction","target":["https:\/\/villachateaufavier.fr\/es\/laccompagnement\/"]}]},{"@type":"WebSite","@id":"https:\/\/villachateaufavier.fr\/es\/#website","url":"https:\/\/villachateaufavier.fr\/es\/","name":"Villa Chateaufavier","description":"Un site utilisant WordPress","potentialAction":[{"@type":"SearchAction","target":{"@type":"EntryPoint","urlTemplate":"https:\/\/villachateaufavier.fr\/es\/?s={search_term_string}"},"query-input":{"@type":"PropertyValueSpecification","valueRequired":true,"valueName":"search_term_string"}}],"inLanguage":"es"}]}},"_links":{"self":[{"href":"https:\/\/villachateaufavier.fr\/es\/wp-json\/wp\/v2\/pages\/451","targetHints":{"allow":["GET"]}}],"collection":[{"href":"https:\/\/villachateaufavier.fr\/es\/wp-json\/wp\/v2\/pages"}],"about":[{"href":"https:\/\/villachateaufavier.fr\/es\/wp-json\/wp\/v2\/types\/page"}],"author":[{"embeddable":true,"href":"https:\/\/villachateaufavier.fr\/es\/wp-json\/wp\/v2\/users\/1"}],"replies":[{"embeddable":true,"href":"https:\/\/villachateaufavier.fr\/es\/wp-json\/wp\/v2\/comments?post=451"}],"version-history":[{"count":2,"href":"https:\/\/villachateaufavier.fr\/es\/wp-json\/wp\/v2\/pages\/451\/revisions"}],"predecessor-version":[{"id":1167,"href":"https:\/\/villachateaufavier.fr\/es\/wp-json\/wp\/v2\/pages\/451\/revisions\/1167"}],"wp:attachment":[{"href":"https:\/\/villachateaufavier.fr\/es\/wp-json\/wp\/v2\/media?parent=451"}],"curies":[{"name":"wp","href":"https:\/\/api.w.org\/{rel}","templated":true}]}}