{"id":436,"date":"2022-07-11T18:25:17","date_gmt":"2022-07-11T16:25:17","guid":{"rendered":"https:\/\/villachateaufavier.fr\/new_website\/les-ateliers\/"},"modified":"2022-09-09T12:26:19","modified_gmt":"2022-09-09T10:26:19","slug":"les-ateliers","status":"publish","type":"page","link":"https:\/\/villachateaufavier.fr\/es\/les-ateliers\/","title":{"rendered":"Nuestros talleres"},"content":{"rendered":"<p><span lang=\"ES\">Da igual si acaba de graduarse de una escuela de artes aplicadas, moda o dise\u00f1o, tiene planeado crear una empresa, o ya dirige su propio negocio : la Villa Ch\u00e2teaufavier le ofrece locales y servicios a precios atractivos que le permitir\u00e1n llevar a cabo sus distintas actividades en \u00f3ptimas condiciones.<\/span><\/p>\n","protected":false},"excerpt":{"rendered":"<p>Da igual si acaba de graduarse de una escuela de artes aplicadas, moda o dise\u00f1o, tiene planeado crear una empresa, o ya dirige su propio negocio : la Villa Ch\u00e2teaufavier le ofrece locales y servicios a precios atractivos que le permitir\u00e1n llevar a cabo sus distintas actividades en \u00f3ptimas condiciones.<\/p>\n","protected":false},"author":1,"featured_media":0,"parent":0,"menu_order":3,"comment_status":"closed","ping_status":"closed","template":"page_ATELIERS.php","meta":{"_acf_changed":false,"footnotes":""},"class_list":["post-436","page","type-page","status-publish","hentry"],"acf":[],"yoast_head":"<!-- This site is optimized with the Yoast SEO plugin v26.6 - https:\/\/yoast.com\/wordpress\/plugins\/seo\/ -->\n<title>Nuestros talleres - Villa Chateaufavier<\/title>\n<meta name=\"robots\" content=\"index, follow, max-snippet:-1, max-image-preview:large, max-video-preview:-1\" \/>\n<link rel=\"canonical\" href=\"https:\/\/villachateaufavier.fr\/es\/les-ateliers\/\" \/>\n<meta property=\"og:locale\" content=\"es_ES\" \/>\n<meta property=\"og:type\" content=\"article\" \/>\n<meta property=\"og:title\" content=\"Nuestros talleres - Villa Chateaufavier\" \/>\n<meta property=\"og:description\" content=\"Da igual si acaba de graduarse de una escuela de artes aplicadas, moda o dise\u00f1o, tiene planeado crear una empresa, o ya dirige su propio negocio : la Villa Ch\u00e2teaufavier le ofrece locales y servicios a precios atractivos que le permitir\u00e1n llevar a cabo sus distintas actividades en \u00f3ptimas condiciones.\" \/>\n<meta property=\"og:url\" content=\"https:\/\/villachateaufavier.fr\/es\/les-ateliers\/\" \/>\n<meta property=\"og:site_name\" content=\"Villa Chateaufavier\" \/>\n<meta property=\"article:modified_time\" content=\"2022-09-09T10:26:19+00:00\" \/>\n<meta name=\"twitter:card\" content=\"summary_large_image\" \/>\n<meta name=\"twitter:label1\" content=\"Tiempo de lectura\" \/>\n\t<meta name=\"twitter:data1\" content=\"1 minuto\" \/>\n<script type=\"application\/ld+json\" class=\"yoast-schema-graph\">{\"@context\":\"https:\/\/schema.org\",\"@graph\":[{\"@type\":\"WebPage\",\"@id\":\"https:\/\/villachateaufavier.fr\/es\/les-ateliers\/\",\"url\":\"https:\/\/villachateaufavier.fr\/es\/les-ateliers\/\",\"name\":\"Nuestros talleres - Villa Chateaufavier\",\"isPartOf\":{\"@id\":\"https:\/\/villachateaufavier.fr\/es\/#website\"},\"datePublished\":\"2022-07-11T16:25:17+00:00\",\"dateModified\":\"2022-09-09T10:26:19+00:00\",\"inLanguage\":\"es\",\"potentialAction\":[{\"@type\":\"ReadAction\",\"target\":[\"https:\/\/villachateaufavier.fr\/es\/les-ateliers\/\"]}]},{\"@type\":\"WebSite\",\"@id\":\"https:\/\/villachateaufavier.fr\/es\/#website\",\"url\":\"https:\/\/villachateaufavier.fr\/es\/\",\"name\":\"Villa Chateaufavier\",\"description\":\"Un site utilisant WordPress\",\"potentialAction\":[{\"@type\":\"SearchAction\",\"target\":{\"@type\":\"EntryPoint\",\"urlTemplate\":\"https:\/\/villachateaufavier.fr\/es\/?s={search_term_string}\"},\"query-input\":{\"@type\":\"PropertyValueSpecification\",\"valueRequired\":true,\"valueName\":\"search_term_string\"}}],\"inLanguage\":\"es\"}]}<\/script>\n<!-- \/ Yoast SEO plugin. -->","yoast_head_json":{"title":"Nuestros talleres - Villa Chateaufavier","robots":{"index":"index","follow":"follow","max-snippet":"max-snippet:-1","max-image-preview":"max-image-preview:large","max-video-preview":"max-video-preview:-1"},"canonical":"https:\/\/villachateaufavier.fr\/es\/les-ateliers\/","og_locale":"es_ES","og_type":"article","og_title":"Nuestros talleres - Villa Chateaufavier","og_description":"Da igual si acaba de graduarse de una escuela de artes aplicadas, moda o dise\u00f1o, tiene planeado crear una empresa, o ya dirige su propio negocio : la Villa Ch\u00e2teaufavier le ofrece locales y servicios a precios atractivos que le permitir\u00e1n llevar a cabo sus distintas actividades en \u00f3ptimas condiciones.","og_url":"https:\/\/villachateaufavier.fr\/es\/les-ateliers\/","og_site_name":"Villa Chateaufavier","article_modified_time":"2022-09-09T10:26:19+00:00","twitter_card":"summary_large_image","twitter_misc":{"Tiempo de lectura":"1 minuto"},"schema":{"@context":"https:\/\/schema.org","@graph":[{"@type":"WebPage","@id":"https:\/\/villachateaufavier.fr\/es\/les-ateliers\/","url":"https:\/\/villachateaufavier.fr\/es\/les-ateliers\/","name":"Nuestros talleres - Villa Chateaufavier","isPartOf":{"@id":"https:\/\/villachateaufavier.fr\/es\/#website"},"datePublished":"2022-07-11T16:25:17+00:00","dateModified":"2022-09-09T10:26:19+00:00","inLanguage":"es","potentialAction":[{"@type":"ReadAction","target":["https:\/\/villachateaufavier.fr\/es\/les-ateliers\/"]}]},{"@type":"WebSite","@id":"https:\/\/villachateaufavier.fr\/es\/#website","url":"https:\/\/villachateaufavier.fr\/es\/","name":"Villa Chateaufavier","description":"Un site utilisant WordPress","potentialAction":[{"@type":"SearchAction","target":{"@type":"EntryPoint","urlTemplate":"https:\/\/villachateaufavier.fr\/es\/?s={search_term_string}"},"query-input":{"@type":"PropertyValueSpecification","valueRequired":true,"valueName":"search_term_string"}}],"inLanguage":"es"}]}},"_links":{"self":[{"href":"https:\/\/villachateaufavier.fr\/es\/wp-json\/wp\/v2\/pages\/436","targetHints":{"allow":["GET"]}}],"collection":[{"href":"https:\/\/villachateaufavier.fr\/es\/wp-json\/wp\/v2\/pages"}],"about":[{"href":"https:\/\/villachateaufavier.fr\/es\/wp-json\/wp\/v2\/types\/page"}],"author":[{"embeddable":true,"href":"https:\/\/villachateaufavier.fr\/es\/wp-json\/wp\/v2\/users\/1"}],"replies":[{"embeddable":true,"href":"https:\/\/villachateaufavier.fr\/es\/wp-json\/wp\/v2\/comments?post=436"}],"version-history":[{"count":6,"href":"https:\/\/villachateaufavier.fr\/es\/wp-json\/wp\/v2\/pages\/436\/revisions"}],"predecessor-version":[{"id":1206,"href":"https:\/\/villachateaufavier.fr\/es\/wp-json\/wp\/v2\/pages\/436\/revisions\/1206"}],"wp:attachment":[{"href":"https:\/\/villachateaufavier.fr\/es\/wp-json\/wp\/v2\/media?parent=436"}],"curies":[{"name":"wp","href":"https:\/\/api.w.org\/{rel}","templated":true}]}}